{"id":144,"date":"2011-12-29T18:10:41","date_gmt":"2011-12-29T18:10:41","guid":{"rendered":"http:\/\/www.apartmani-dubra.hr\/?page_id=144"},"modified":"2012-01-02T18:29:23","modified_gmt":"2012-01-02T18:29:23","slug":"appartement-ruzmarin","status":"publish","type":"page","link":"https:\/\/www.apartmani-dubra.hr\/de\/ferienwohnungen\/appartement-ruzmarin\/","title":{"rendered":"Appartement Ruzmarin"},"content":{"rendered":"<p>Im zweiten Stock ist das Appartement Ru\u017emarin. Es hat zwei R\u00e4ume: ein Wohn- und ein Schlafzimmer. Das Wohnzimmer hat einen Ausgang auf den Balkon. Das Appartement ist komfortabel f\u00fcr 2-4 Erwachsene oder f\u00fcr ein Ehepaar mit zwei Kindern. Im Wohnzimmer ist eine Dreisitzercouch zum Ausziehen, SAT\/TV, eine komplett ausgestattete K\u00fcchennische, ein Esstisch mit vier St\u00fchlen, eine Couchgarnitur und eine Klimaanlage ( Heizung, K\u00fchlung ). Vom Balkon aus hat man einen sch\u00f6nen Blick auf die D\u00e4cher von Komi\u017ea und auf den Hafen. Auf dem Balkon ist eine Sitzgarnitur f\u00fcr vier Personen. Im Schlafzimmer sind: ein franz\u00f6sisches Bett, ein Kleiderschrank und Nachttische. Das Badezimmer ist mit moderner Sanitarausstattung versehen (Badewanne, Waschbecken WC)..<\/p>\n<p>Die gesamte wohnungsflache betragt 45m2+ terrasse von 10m2<\/p>\n","protected":false},"excerpt":{"rendered":"<p>Im zweiten Stock ist das Appartement Ru\u017emarin. Es hat zwei R\u00e4ume: ein Wohn- und ein Schlafzimmer. Das Wohnzimmer&#8230; <\/p>\n","protected":false},"author":1,"featured_media":0,"parent":154,"menu_order":0,"comment_status":"closed","ping_status":"closed","template":"","meta":{"footnotes":""},"class_list":["post-144","page","type-page","status-publish","hentry"],"_links":{"self":[{"href":"https:\/\/www.apartmani-dubra.hr\/de\/wp-json\/wp\/v2\/pages\/144","targetHints":{"allow":["GET"]}}],"collection":[{"href":"https:\/\/www.apartmani-dubra.hr\/de\/wp-json\/wp\/v2\/pages"}],"about":[{"href":"https:\/\/www.apartmani-dubra.hr\/de\/wp-json\/wp\/v2\/types\/page"}],"author":[{"embeddable":true,"href":"https:\/\/www.apartmani-dubra.hr\/de\/wp-json\/wp\/v2\/users\/1"}],"replies":[{"embeddable":true,"href":"https:\/\/www.apartmani-dubra.hr\/de\/wp-json\/wp\/v2\/comments?post=144"}],"version-history":[{"count":0,"href":"https:\/\/www.apartmani-dubra.hr\/de\/wp-json\/wp\/v2\/pages\/144\/revisions"}],"up":[{"embeddable":true,"href":"https:\/\/www.apartmani-dubra.hr\/de\/wp-json\/wp\/v2\/pages\/154"}],"wp:attachment":[{"href":"https:\/\/www.apartmani-dubra.hr\/de\/wp-json\/wp\/v2\/media?parent=144"}],"curies":[{"name":"wp","href":"https:\/\/api.w.org\/{rel}","templated":true}]}}