{"id":146,"date":"2011-12-29T18:11:18","date_gmt":"2011-12-29T18:11:18","guid":{"rendered":"http:\/\/www.apartmani-dubra.hr\/?page_id=146"},"modified":"2022-05-03T19:11:11","modified_gmt":"2022-05-03T19:11:11","slug":"appartement-mandarina","status":"publish","type":"page","link":"https:\/\/www.apartmani-dubra.hr\/de\/ferienwohnungen\/appartement-mandarina\/","title":{"rendered":"Appartement Mandarina"},"content":{"rendered":"<p>Im ersten Stock ist das Appartement Mandarina. Im Appartement sind zwei R\u00e4ume: ein Wohnzimmer und ein Schlafzimmer. Das Wohnzimmer hat einen Ausgang auf den Balkon. Das Appartement ist komfortabel f\u00fcr 2-4 Erwachsene oder f\u00fcr ein Ehepaar mit zwei Kindern.<\/p>\n<p>Im Wohnzimmer ist eine Dreisitzercouch zum Ausziehen, SAT\/TV, eine komplett ausgestattete K\u00fcchennische, ein Esstisch mit vier St\u00fchlen, eine Couchgarnitur und eine Klimaanlage ( Heizung, K\u00fchlung ) . Vom Balkon aus hat man einen sch\u00f6nen Blick auf die D\u00e4cher von Komi\u017ea und auf den Hafen. Auf dem Balkon ist eine Sitzgarnitur f\u00fcr vier Personen. Im Schlafzimmer sind: ein franz\u00f6sisches Bett, ein Kleiderschrank und Nachttische. Das Badezimmer ist mit moderner Sanitarausstattung versehen (Badewanne, Waschbecken, WC ).<\/p>\n","protected":false},"excerpt":{"rendered":"<p>Im ersten Stock ist das Appartement Mandarina. Im Appartement sind zwei R\u00e4ume: ein Wohnzimmer und ein Schlafzimmer. Das&#8230; <\/p>\n","protected":false},"author":1,"featured_media":15263,"parent":154,"menu_order":0,"comment_status":"closed","ping_status":"closed","template":"","meta":{"footnotes":""},"class_list":["post-146","page","type-page","status-publish","has-post-thumbnail","hentry"],"_links":{"self":[{"href":"https:\/\/www.apartmani-dubra.hr\/de\/wp-json\/wp\/v2\/pages\/146","targetHints":{"allow":["GET"]}}],"collection":[{"href":"https:\/\/www.apartmani-dubra.hr\/de\/wp-json\/wp\/v2\/pages"}],"about":[{"href":"https:\/\/www.apartmani-dubra.hr\/de\/wp-json\/wp\/v2\/types\/page"}],"author":[{"embeddable":true,"href":"https:\/\/www.apartmani-dubra.hr\/de\/wp-json\/wp\/v2\/users\/1"}],"replies":[{"embeddable":true,"href":"https:\/\/www.apartmani-dubra.hr\/de\/wp-json\/wp\/v2\/comments?post=146"}],"version-history":[{"count":0,"href":"https:\/\/www.apartmani-dubra.hr\/de\/wp-json\/wp\/v2\/pages\/146\/revisions"}],"up":[{"embeddable":true,"href":"https:\/\/www.apartmani-dubra.hr\/de\/wp-json\/wp\/v2\/pages\/154"}],"wp:featuredmedia":[{"embeddable":true,"href":"https:\/\/www.apartmani-dubra.hr\/de\/wp-json\/wp\/v2\/media\/15263"}],"wp:attachment":[{"href":"https:\/\/www.apartmani-dubra.hr\/de\/wp-json\/wp\/v2\/media?parent=146"}],"curies":[{"name":"wp","href":"https:\/\/api.w.org\/{rel}","templated":true}]}}