{"id":148,"date":"2011-12-29T18:11:38","date_gmt":"2011-12-29T18:11:38","guid":{"rendered":"http:\/\/www.apartmani-dubra.hr\/?page_id=148"},"modified":"2012-01-02T18:30:29","modified_gmt":"2012-01-02T18:30:29","slug":"appartement-maslina","status":"publish","type":"page","link":"https:\/\/www.apartmani-dubra.hr\/de\/ferienwohnungen\/appartement-maslina\/","title":{"rendered":"Appartement Maslina"},"content":{"rendered":"<p>Im Erdgeschoss ist das Appartement Maslina. Im Appartement sind zwei R\u00e4ume: ein Wohnzimmer und ein Schlafzimme. Das Appartement ist komfortabel f\u00fcr 2-4 Erwachsene oder f\u00fcr ein Ehepaar mit zwei Kindern.<\/p>\n<p>Im Wohnzimmer ist eine Dreisitzercouch zum Ausziehen, SAT\/TV, eine komplett ausgestattete K\u00fcchennische, ein Esstisch mit vier St\u00fchlen, eine Couchgarnitur und eine Klimaanlage ( Heizung, K\u00fchlung ). Im Schlafzimmer sind: ein franz\u00f6sisches Bett, ein Kleiderschrank und Nachttische. Das Badezimmer ist mit moderner Sanitarausstattung versehen ( Badewanne, Waschbecken, WC ).<\/p>\n<p>&nbsp;<\/p>\n<p>Die gesamte wohnungsflache betragt 50m2+ terrasse von 10m2<\/p>\n","protected":false},"excerpt":{"rendered":"<p>Im Erdgeschoss ist das Appartement Maslina. Im Appartement sind zwei R\u00e4ume: ein Wohnzimmer und ein Schlafzimme. Das Appartement&#8230; <\/p>\n","protected":false},"author":1,"featured_media":3320,"parent":154,"menu_order":0,"comment_status":"closed","ping_status":"closed","template":"","meta":{"footnotes":""},"class_list":["post-148","page","type-page","status-publish","has-post-thumbnail","hentry"],"_links":{"self":[{"href":"https:\/\/www.apartmani-dubra.hr\/de\/wp-json\/wp\/v2\/pages\/148","targetHints":{"allow":["GET"]}}],"collection":[{"href":"https:\/\/www.apartmani-dubra.hr\/de\/wp-json\/wp\/v2\/pages"}],"about":[{"href":"https:\/\/www.apartmani-dubra.hr\/de\/wp-json\/wp\/v2\/types\/page"}],"author":[{"embeddable":true,"href":"https:\/\/www.apartmani-dubra.hr\/de\/wp-json\/wp\/v2\/users\/1"}],"replies":[{"embeddable":true,"href":"https:\/\/www.apartmani-dubra.hr\/de\/wp-json\/wp\/v2\/comments?post=148"}],"version-history":[{"count":0,"href":"https:\/\/www.apartmani-dubra.hr\/de\/wp-json\/wp\/v2\/pages\/148\/revisions"}],"up":[{"embeddable":true,"href":"https:\/\/www.apartmani-dubra.hr\/de\/wp-json\/wp\/v2\/pages\/154"}],"wp:featuredmedia":[{"embeddable":true,"href":"https:\/\/www.apartmani-dubra.hr\/de\/wp-json\/wp\/v2\/media\/3320"}],"wp:attachment":[{"href":"https:\/\/www.apartmani-dubra.hr\/de\/wp-json\/wp\/v2\/media?parent=148"}],"curies":[{"name":"wp","href":"https:\/\/api.w.org\/{rel}","templated":true}]}}