{"id":152,"date":"2011-12-29T18:12:18","date_gmt":"2011-12-29T18:12:18","guid":{"rendered":"http:\/\/www.apartmani-dubra.hr\/?page_id=152"},"modified":"2012-01-02T18:32:00","modified_gmt":"2012-01-02T18:32:00","slug":"appartement-lavanda","status":"publish","type":"page","link":"https:\/\/www.apartmani-dubra.hr\/de\/ferienwohnungen\/appartement-lavanda\/","title":{"rendered":"Appartement Lavanda"},"content":{"rendered":"<p>Das romantische Studio-Appartement befindet sich im zweiten Stock. Es besteht aus einer K\u00fcchennische ,einem runden Esstisch mit drei St\u00fchlen, zwei Betten, einem Nachttisch und einem Kleiderschrank. Das kleine Badezimmer ist mit moderner Sanitarausstattung (Dusche, Waschbecken, WC) versehen. Aus dem Appartement geht man auf eine gro\u00dfe Terrasse mit Blick auf den ganzen Ort, aufs Meer und die Insel Bi\u0161evo. Der Aufenthalt auf der Terrasse am sonnigen Morgen oder unter Sternenglanz ist unverge\u00dflich.<\/p>\n<p>Sie ist mit der sat-TV, wlan-ausgestattet und klimaanlage<\/p>\n<p>Die gesamte wohnungsflache betragt 22m2+ terrasse von 15m2.<\/p>\n","protected":false},"excerpt":{"rendered":"<p>Das romantische Studio-Appartement befindet sich im zweiten Stock. Es besteht aus einer K\u00fcchennische ,einem runden Esstisch mit drei&#8230; <\/p>\n","protected":false},"author":1,"featured_media":11678,"parent":154,"menu_order":0,"comment_status":"closed","ping_status":"closed","template":"","meta":{"footnotes":""},"class_list":["post-152","page","type-page","status-publish","has-post-thumbnail","hentry"],"_links":{"self":[{"href":"https:\/\/www.apartmani-dubra.hr\/de\/wp-json\/wp\/v2\/pages\/152","targetHints":{"allow":["GET"]}}],"collection":[{"href":"https:\/\/www.apartmani-dubra.hr\/de\/wp-json\/wp\/v2\/pages"}],"about":[{"href":"https:\/\/www.apartmani-dubra.hr\/de\/wp-json\/wp\/v2\/types\/page"}],"author":[{"embeddable":true,"href":"https:\/\/www.apartmani-dubra.hr\/de\/wp-json\/wp\/v2\/users\/1"}],"replies":[{"embeddable":true,"href":"https:\/\/www.apartmani-dubra.hr\/de\/wp-json\/wp\/v2\/comments?post=152"}],"version-history":[{"count":0,"href":"https:\/\/www.apartmani-dubra.hr\/de\/wp-json\/wp\/v2\/pages\/152\/revisions"}],"up":[{"embeddable":true,"href":"https:\/\/www.apartmani-dubra.hr\/de\/wp-json\/wp\/v2\/pages\/154"}],"wp:featuredmedia":[{"embeddable":true,"href":"https:\/\/www.apartmani-dubra.hr\/de\/wp-json\/wp\/v2\/media\/11678"}],"wp:attachment":[{"href":"https:\/\/www.apartmani-dubra.hr\/de\/wp-json\/wp\/v2\/media?parent=152"}],"curies":[{"name":"wp","href":"https:\/\/api.w.org\/{rel}","templated":true}]}}