{"id":154,"date":"2011-12-28T22:09:00","date_gmt":"2011-12-28T22:09:00","guid":{"rendered":"http:\/\/www.apartmani-dubra.hr\/?page_id=154"},"modified":"2018-01-04T10:54:08","modified_gmt":"2018-01-04T10:54:08","slug":"ferienwohnungen","status":"publish","type":"page","link":"https:\/\/www.apartmani-dubra.hr\/de\/ferienwohnungen\/","title":{"rendered":"Ferienwohnungen"},"content":{"rendered":"<p>In zwei Familienh\u00e4usern in Komi\u017ea auf der Insel Vis , in einer engen Steingasse, nur 100 m vom Strand und 200 m vom Zentrum entfernt, bieten wir f\u00fcnf modern ausgestattete Appartements an.<\/p>\n<p>Alle Appartements sind f\u00fcr einen angenehmen Aufenthalt ausgestattet.<\/p>\n<p>Drei Appartements im ersten und im dritten Stock haben von ihren Balkons aus einen unverge\u00dflichen Blick aufs Meer und den Hafen .<\/p>\n<p>Die Appartements im Erdgeschoss haben einen Ausgang auf die Gartenterrasse.<\/p>\n<p>Die Appartements haben zwei R\u00e4ume: ein Schlafzimmer und ein Wohnzimmer, das auch je nach Bedarf als Schlafzimmer funktionieren kann, oder ein Studio, das sehr komfortabel ist und f\u00fcr zwei, drei oder vier Personen vorausgesehen ist.<\/p>\n","protected":false},"excerpt":{"rendered":"<p>In zwei Familienh\u00e4usern in Komi\u017ea auf der Insel Vis , in einer engen Steingasse, nur 100 m vom&#8230; <\/p>\n","protected":false},"author":1,"featured_media":0,"parent":0,"menu_order":0,"comment_status":"closed","ping_status":"closed","template":"","meta":{"footnotes":""},"class_list":["post-154","page","type-page","status-publish","hentry"],"_links":{"self":[{"href":"https:\/\/www.apartmani-dubra.hr\/de\/wp-json\/wp\/v2\/pages\/154","targetHints":{"allow":["GET"]}}],"collection":[{"href":"https:\/\/www.apartmani-dubra.hr\/de\/wp-json\/wp\/v2\/pages"}],"about":[{"href":"https:\/\/www.apartmani-dubra.hr\/de\/wp-json\/wp\/v2\/types\/page"}],"author":[{"embeddable":true,"href":"https:\/\/www.apartmani-dubra.hr\/de\/wp-json\/wp\/v2\/users\/1"}],"replies":[{"embeddable":true,"href":"https:\/\/www.apartmani-dubra.hr\/de\/wp-json\/wp\/v2\/comments?post=154"}],"version-history":[{"count":0,"href":"https:\/\/www.apartmani-dubra.hr\/de\/wp-json\/wp\/v2\/pages\/154\/revisions"}],"wp:attachment":[{"href":"https:\/\/www.apartmani-dubra.hr\/de\/wp-json\/wp\/v2\/media?parent=154"}],"curies":[{"name":"wp","href":"https:\/\/api.w.org\/{rel}","templated":true}]}}