{"id":156,"date":"2011-12-28T22:09:24","date_gmt":"2011-12-28T22:09:24","guid":{"rendered":"http:\/\/www.apartmani-dubra.hr\/?page_id=156"},"modified":"2012-01-05T23:43:20","modified_gmt":"2012-01-05T23:43:20","slug":"insel-vis","status":"publish","type":"page","link":"https:\/\/www.apartmani-dubra.hr\/de\/insel-vis\/","title":{"rendered":"Insel Vis"},"content":{"rendered":"<p style=\"text-align: center;\">KOMI\u017dA &#8211; ein Fischer, Touristen und Sch\u00f6nheitsst\u00e4dtchen.<\/p>\n<p>Komi\u017ea liegt am Fu\u00dfe des H\u00fcgels Hum an der westlichen K\u00fcste der Insel Vis, wo die Natur eine der sch\u00f6nsten Landschaften bemalte. Es ist der malerischste Fischerort an der Adria. Die Insel ist auf der Liste des WWF unter zehn letzten Paradiesorten im Mittelmeer. Sie ist ein Urlaubsziel der G\u00e4ste, die eine andere Form vom Urlaub suchen, im Einklang mit Natur, in Ruhe &#8230;<\/p>\n<p>Sie k\u00f6nnen malerische D\u00f6rfer im Inneren der Insel forschen oder an Kieselstr\u00e4nden im Kieferschatten faulenzen. Schiffen Sie um die Insel herum oder entdecken Sie verborgene Buchte. Besuchen Sie Bi\u0161evo, eine kleine Insel , die f\u00fcr ihre Sandstr\u00e4nde und Die blaue Grotte (Modra \u0161pilja) mit ihren Lichteffekten weltweit bekannt ist.<\/p>\n<p>Falls Sie die ganze Zeit in Komi\u017ea bleiben, werden Sie sich nicht langweilen. Dieses wundersch\u00f6ne St\u00e4dtchen der alten mediterranen Architektur, Steingassen, \u00fcppigen Balkons und G\u00e4rten bietet einen reinen Genuss an: Besichtigung des Fischermuseums,der Kirchen und Kl\u00f6ster oder Kaffeetrinken dicht am Meer.<\/p>\n<p>Kommen Sie im Fr\u00fchling, wenn Sie berauschende D\u00fcfte von Zitronenb\u00e4umen, Lavendel und Rosmarin einatmen m\u00f6chten. Falls Sie Frost, Eis und Nebel f\u00fcr einen fr\u00fchen Fr\u00fchling tauschen m\u00f6chten, verbringen Sie Weihnachten und Neujahr in mediterraner Stimmung. Wenn Sie eine ruhige und friedliche Erholung suchen, kommen Sie und entdecken Sie Komi\u017ea.<\/p>\n<p>Es ist ein Zufluchtsort f\u00fcr alle, die von der Zivilisation m\u00fcde sind und K\u00f6rper und Seele in Natur erholen und Kraft wieder bekommen m\u00f6chten. Komi\u017ea bietet Frieden und Ruhe an und verlockt Sie zum Meeresabenteuer &#8211; einem Urlaub, von dem Sie immer getr\u00e4umt haben.<\/p>\n<p>The most beautiful beaches on the Island of Vis:<\/p>\n<ul>\n<li><a class=\"lightbox cboxElement\" rel=\"apartment\" href=\"http:\/\/www.apartmani-dubra.hr\/wp-content\/themes\/komiza-dubra\/images\/komiza-dubra-island-vis-11-full.jpg\">Gusarica<\/a><\/li>\n<li><a class=\"lightbox cboxElement\" rel=\"apartment\" href=\"http:\/\/www.apartmani-dubra.hr\/wp-content\/themes\/komiza-dubra\/images\/komiza-dubra-island-vis-05-full.jpg\">Kamenice<\/a><\/li>\n<li><a class=\"lightbox cboxElement\" rel=\"apartment\" href=\"http:\/\/www.apartmani-dubra.hr\/wp-content\/themes\/komiza-dubra\/images\/komiza-dubra-island-vis-10-full.jpg\">Priti\u0161\u010dina<\/a><\/li>\n<li><a class=\"lightbox cboxElement\" rel=\"apartment\" href=\"http:\/\/www.apartmani-dubra.hr\/wp-content\/themes\/komiza-dubra\/images\/komiza-dubra-island-vis-06-full.jpg\">Stiniva<\/a><\/li>\n<li>Srebrna<\/li>\n<li>Ston\u010dica<\/li>\n<\/ul>\n","protected":false},"excerpt":{"rendered":"<p>KOMI\u017dA &#8211; ein Fischer, Touristen und Sch\u00f6nheitsst\u00e4dtchen.<\/p>\n<p> Es ist der malerischste Fischerort an der Adria. Die Insel ist auf der Liste des WWF unter zehn letzten Paradiesorten im Mittelmeer. Sie ist ein Urlaubsziel der G\u00e4ste, die eine andere Form vom Urlaub suchen, im Einklang mit Natur, in Ruhe &#8230;<\/p>\n<p> Besuchen Sie Bi\u0161evo, eine kleine Insel , die f\u00fcr ihre Sandstr\u00e4nde und Die blaue Grotte (Modra \u0161pilja) mit ihren Lichteffekten weltweit bekannt ist.<\/p>\n","protected":false},"author":1,"featured_media":0,"parent":0,"menu_order":0,"comment_status":"closed","ping_status":"closed","template":"","meta":{"footnotes":""},"class_list":["post-156","page","type-page","status-publish","hentry"],"_links":{"self":[{"href":"https:\/\/www.apartmani-dubra.hr\/de\/wp-json\/wp\/v2\/pages\/156","targetHints":{"allow":["GET"]}}],"collection":[{"href":"https:\/\/www.apartmani-dubra.hr\/de\/wp-json\/wp\/v2\/pages"}],"about":[{"href":"https:\/\/www.apartmani-dubra.hr\/de\/wp-json\/wp\/v2\/types\/page"}],"author":[{"embeddable":true,"href":"https:\/\/www.apartmani-dubra.hr\/de\/wp-json\/wp\/v2\/users\/1"}],"replies":[{"embeddable":true,"href":"https:\/\/www.apartmani-dubra.hr\/de\/wp-json\/wp\/v2\/comments?post=156"}],"version-history":[{"count":0,"href":"https:\/\/www.apartmani-dubra.hr\/de\/wp-json\/wp\/v2\/pages\/156\/revisions"}],"wp:attachment":[{"href":"https:\/\/www.apartmani-dubra.hr\/de\/wp-json\/wp\/v2\/media?parent=156"}],"curies":[{"name":"wp","href":"https:\/\/api.w.org\/{rel}","templated":true}]}}