{"id":45,"date":"2011-12-28T22:07:41","date_gmt":"2011-12-28T22:07:41","guid":{"rendered":"http:\/\/www.apartmani-dubra.hr\/?page_id=45"},"modified":"2012-01-02T20:44:18","modified_gmt":"2012-01-02T20:44:18","slug":"startseite","status":"publish","type":"page","link":"https:\/\/www.apartmani-dubra.hr\/de\/","title":{"rendered":"Startseite"},"content":{"rendered":"<p>Verehrte G\u00e4ste,<\/p>\n<p>In der N\u00e4he des Zentrums bieten wir Ihnen f\u00fcnf neue komfortable Appartements in verschiedenen Gr\u00f6\u00dfen f\u00fcr zwei, drei und vier Personen.<\/p>\n<p>Die Appartements befinden sich in Komi\u017ea neben dem Hotel &#8222;Bi\u0161evo&#8220;, 100 m vom Strand und 200 m vom Zentrum entfernt.<\/p>\n<p>Die Appartements haben einen Blick entweder auf die Bucht von Komi\u017ea oder auf den Stadthafen und Nikolaikirche.<\/p>\n<p>Die Appartements im Erdgeschoss haben einen Ausgang auf die Gartenterrasse.<\/p>\n<p>Wir w\u00fcnschen Ihnen einen angenehmen Aufenthalt in unseren Appartements.<\/p>\n","protected":false},"excerpt":{"rendered":"<p>Verehrte G\u00e4ste,In der N\u00e4he des Zentrums bieten wir Ihnen f\u00fcnf neue komfortable Appartements in verschiedenen Gr\u00f6\u00dfen f\u00fcr zwei, drei und vier Personen.<\/p>\n<p>Die Appartements befinden sich in Komi\u017ea neben dem Hotel &#8222;Bi\u0161evo&#8220;, 100 m vom Strand und 200 m vom Zentrum entfernt.<\/p>\n<p>Die Appartements haben einen Blick entweder auf die Bucht von Komi\u017ea oder auf den Stadthafen und Nikolaikirche.<\/p>\n<p>Die Appartements im Erdgeschoss haben einen Ausgang auf die Gartenterrasse.<\/p>\n","protected":false},"author":1,"featured_media":0,"parent":0,"menu_order":0,"comment_status":"closed","ping_status":"closed","template":"","meta":{"footnotes":""},"class_list":["post-45","page","type-page","status-publish","hentry"],"_links":{"self":[{"href":"https:\/\/www.apartmani-dubra.hr\/de\/wp-json\/wp\/v2\/pages\/45","targetHints":{"allow":["GET"]}}],"collection":[{"href":"https:\/\/www.apartmani-dubra.hr\/de\/wp-json\/wp\/v2\/pages"}],"about":[{"href":"https:\/\/www.apartmani-dubra.hr\/de\/wp-json\/wp\/v2\/types\/page"}],"author":[{"embeddable":true,"href":"https:\/\/www.apartmani-dubra.hr\/de\/wp-json\/wp\/v2\/users\/1"}],"replies":[{"embeddable":true,"href":"https:\/\/www.apartmani-dubra.hr\/de\/wp-json\/wp\/v2\/comments?post=45"}],"version-history":[{"count":0,"href":"https:\/\/www.apartmani-dubra.hr\/de\/wp-json\/wp\/v2\/pages\/45\/revisions"}],"wp:attachment":[{"href":"https:\/\/www.apartmani-dubra.hr\/de\/wp-json\/wp\/v2\/media?parent=45"}],"curies":[{"name":"wp","href":"https:\/\/api.w.org\/{rel}","templated":true}]}}