{"id":49,"date":"2011-12-28T22:07:41","date_gmt":"2011-12-28T22:07:41","guid":{"rendered":"http:\/\/www.apartmani-dubra.hr\/?page_id=49"},"modified":"2023-07-12T10:08:03","modified_gmt":"2023-07-12T10:08:03","slug":"po%c4%8detna","status":"publish","type":"page","link":"https:\/\/www.apartmani-dubra.hr\/hr\/","title":{"rendered":"Po\u010detna"},"content":{"rendered":"\n<p>Po\u0161tovani gosti, nudimo Vam pet komfornih novih apartmana u blizini centra, razli\u010ditih veli\u010dina za 2, 3 i 4 osobe.<\/p>\n\n\n\n<p>Apartmani nalaze se u Komi\u017ei pored hotela &#8220;Bi\u0161evo&#8221;, 100 metara od pla\u017ee i 200 metara od centra mjesta. Ku\u0107a je okru\u017eena zelenilom.<\/p>\n\n\n\n<p>Apartmani imaju pogled na komi\u0161ku uvalu i otok Bi\u0161evo, ili na gradsku luku i crkvu Sv.Nikole.<\/p>\n\n\n\n<p>Apartmani u prizemlju imaju izlaz na vrtnu terasu.<\/p>\n\n\n\n<p>Nadamo se da \u0107ete u na\u0161im apartmanima provesti ugodan godi\u0161nji odmor.<\/p>\n\n\n\n<p>Pogodnosti koje Vam nudimo:<\/p>\n\n\n\n<ul class=\"wp-block-list\">\n<li>Upotreba ro\u0161tilja<\/li>\n\n\n\n<li>U apartmanima je dozvoljeno pu\u0161enje<\/li>\n\n\n\n<li>Upotreba perilice za rublje na va\u0161 upit<\/li>\n\n\n\n<li>Parking na udljenosti 50 m od ku\u0107e( \u010duvani)<\/li>\n<\/ul>\n\n\n\n<p>Radujemo se va\u0161em dolasku<\/p>\n\n\n\n<p>Obitelj Marinkovi\u0107<\/p>\n","protected":false},"excerpt":{"rendered":"<p>Po\u0161tovani gosti, nudimo Vam pet komfornih novih apartmana u blizini centra, razli\u010ditih veli\u010dina za 2, 3 i 4 osobe.<\/p>\n<p>Apartmani nalaze se u Komi\u017ei pored hotela &#8220;Bi\u0161evo&#8221;, 100 metara od pla\u017ee i 200 metara od centra mjesta. Ku\u0107a je okru\u017eena zelenilom.<\/p>\n<p>Apartmani imaju pogled na komi\u0161ku uvalu i otok Bi\u0161evo, ili na gradsku luku i crkvu Sv. Nikole.<\/p>\n<p>Nadamo se da \u0107ete u na\u0161im apartmanima provesti ugodan godi\u0161nji odmor.<\/p>\n","protected":false},"author":1,"featured_media":0,"parent":0,"menu_order":0,"comment_status":"closed","ping_status":"closed","template":"","meta":{"footnotes":""},"class_list":["post-49","page","type-page","status-publish","hentry"],"_links":{"self":[{"href":"https:\/\/www.apartmani-dubra.hr\/hr\/wp-json\/wp\/v2\/pages\/49","targetHints":{"allow":["GET"]}}],"collection":[{"href":"https:\/\/www.apartmani-dubra.hr\/hr\/wp-json\/wp\/v2\/pages"}],"about":[{"href":"https:\/\/www.apartmani-dubra.hr\/hr\/wp-json\/wp\/v2\/types\/page"}],"author":[{"embeddable":true,"href":"https:\/\/www.apartmani-dubra.hr\/hr\/wp-json\/wp\/v2\/users\/1"}],"replies":[{"embeddable":true,"href":"https:\/\/www.apartmani-dubra.hr\/hr\/wp-json\/wp\/v2\/comments?post=49"}],"version-history":[{"count":0,"href":"https:\/\/www.apartmani-dubra.hr\/hr\/wp-json\/wp\/v2\/pages\/49\/revisions"}],"wp:attachment":[{"href":"https:\/\/www.apartmani-dubra.hr\/hr\/wp-json\/wp\/v2\/media?parent=49"}],"curies":[{"name":"wp","href":"https:\/\/api.w.org\/{rel}","templated":true}]}}