{"id":74,"date":"2011-12-28T22:09:00","date_gmt":"2011-12-28T22:09:00","guid":{"rendered":"http:\/\/www.apartmani-dubra.hr\/?page_id=74"},"modified":"2022-05-03T19:09:27","modified_gmt":"2022-05-03T19:09:27","slug":"smje%c5%a1taj","status":"publish","type":"page","link":"https:\/\/www.apartmani-dubra.hr\/hr\/smje%c5%a1taj\/","title":{"rendered":"Smje\u0161taj"},"content":{"rendered":"<p>Nudimo pet moderno opremljenih apartmana za 2-4 osobe, u dvije obiteljske ku\u0107e u Komi\u017ei na otoku Visu, u uskoj kamenitoj ulici, samo 100 m od pla\u017ee i 200 m od centra mjesta. Svi su apartmani opremljeni za ugodan boravak.<\/p>\n<p>Tri apartmana na prvom i drugom katu imaju balkone s kojih se pru\u017ea nezaboravan pogled na more i luku. Apartmani u prizemlju imaju izlaz na vrtnu terasu.<\/p>\n<p>Ku\u0107a u vrtu ima ro\u0161tilj koji je na raspologanju svim gostima. Svi apartmani opremljeni su klima ure\u0111ajem, TV- om, be\u017ei\u010dnim internetom, te posteljinom i ru\u010dnicima te kompletno opremljenom kuhinjom.<\/p>\n<p>Nadamo se da \u0107e te u na\u0161im apartmanima provesti ugodan godi\u0161nji odmor.<\/p>\n","protected":false},"excerpt":{"rendered":"<p>Nudimo pet moderno opremljenih apartmana za 2-4 osobe, u dvije obiteljske ku\u0107e u Komi\u017ei na otoku Visu, u&#8230; <\/p>\n","protected":false},"author":1,"featured_media":0,"parent":0,"menu_order":0,"comment_status":"closed","ping_status":"closed","template":"","meta":{"footnotes":""},"class_list":["post-74","page","type-page","status-publish","hentry"],"_links":{"self":[{"href":"https:\/\/www.apartmani-dubra.hr\/hr\/wp-json\/wp\/v2\/pages\/74","targetHints":{"allow":["GET"]}}],"collection":[{"href":"https:\/\/www.apartmani-dubra.hr\/hr\/wp-json\/wp\/v2\/pages"}],"about":[{"href":"https:\/\/www.apartmani-dubra.hr\/hr\/wp-json\/wp\/v2\/types\/page"}],"author":[{"embeddable":true,"href":"https:\/\/www.apartmani-dubra.hr\/hr\/wp-json\/wp\/v2\/users\/1"}],"replies":[{"embeddable":true,"href":"https:\/\/www.apartmani-dubra.hr\/hr\/wp-json\/wp\/v2\/comments?post=74"}],"version-history":[{"count":0,"href":"https:\/\/www.apartmani-dubra.hr\/hr\/wp-json\/wp\/v2\/pages\/74\/revisions"}],"wp:attachment":[{"href":"https:\/\/www.apartmani-dubra.hr\/hr\/wp-json\/wp\/v2\/media?parent=74"}],"curies":[{"name":"wp","href":"https:\/\/api.w.org\/{rel}","templated":true}]}}