{"id":76,"date":"2011-12-29T18:12:02","date_gmt":"2011-12-29T18:12:02","guid":{"rendered":"http:\/\/www.apartmani-dubra.hr\/?page_id=76"},"modified":"2022-05-03T19:09:06","modified_gmt":"2022-05-03T19:09:06","slug":"apartment-bougainvillea","status":"publish","type":"page","link":"https:\/\/www.apartmani-dubra.hr\/hr\/smje%c5%a1taj\/apartment-bougainvillea\/","title":{"rendered":"Apartman Bugenvila"},"content":{"rendered":"<p>Apartman je smje\u0161ten u prizemlju. Vizualno je podijeljen na 2 dijela: spava\u0107i s francuskim le\u017eajem, te dnevni s potpuno opremljenom kuhinjskom ni\u0161om, te kupaonicom i velikom terasom s vrtnom garniturom u sijeni ogromne buganville. Apartman je konforan za 2 osobe ili par s djetetom.<\/p>\n<p>Apartman je opremljen klima ure\u0111ajem (grijanje- hla\u0111enje), TV-om te be\u017ei\u010dnim internetom<\/p>\n<p>Ukupna povr\u0161ina apartmana iznosi 32m2 te terasa povr\u0161ine 25m2.<\/p>\n","protected":false},"excerpt":{"rendered":"<p>Apartman je smje\u0161ten u prizemlju. Vizualno je podijeljen na 2 dijela: spava\u0107i s francuskim le\u017eajem, te dnevni s&#8230; <\/p>\n","protected":false},"author":1,"featured_media":11612,"parent":74,"menu_order":0,"comment_status":"closed","ping_status":"closed","template":"","meta":{"footnotes":""},"class_list":["post-76","page","type-page","status-publish","has-post-thumbnail","hentry"],"_links":{"self":[{"href":"https:\/\/www.apartmani-dubra.hr\/hr\/wp-json\/wp\/v2\/pages\/76","targetHints":{"allow":["GET"]}}],"collection":[{"href":"https:\/\/www.apartmani-dubra.hr\/hr\/wp-json\/wp\/v2\/pages"}],"about":[{"href":"https:\/\/www.apartmani-dubra.hr\/hr\/wp-json\/wp\/v2\/types\/page"}],"author":[{"embeddable":true,"href":"https:\/\/www.apartmani-dubra.hr\/hr\/wp-json\/wp\/v2\/users\/1"}],"replies":[{"embeddable":true,"href":"https:\/\/www.apartmani-dubra.hr\/hr\/wp-json\/wp\/v2\/comments?post=76"}],"version-history":[{"count":0,"href":"https:\/\/www.apartmani-dubra.hr\/hr\/wp-json\/wp\/v2\/pages\/76\/revisions"}],"up":[{"embeddable":true,"href":"https:\/\/www.apartmani-dubra.hr\/hr\/wp-json\/wp\/v2\/pages\/74"}],"wp:featuredmedia":[{"embeddable":true,"href":"https:\/\/www.apartmani-dubra.hr\/hr\/wp-json\/wp\/v2\/media\/11612"}],"wp:attachment":[{"href":"https:\/\/www.apartmani-dubra.hr\/hr\/wp-json\/wp\/v2\/media?parent=76"}],"curies":[{"name":"wp","href":"https:\/\/api.w.org\/{rel}","templated":true}]}}