{"id":78,"date":"2011-12-29T18:12:18","date_gmt":"2011-12-29T18:12:18","guid":{"rendered":"http:\/\/www.apartmani-dubra.hr\/?page_id=78"},"modified":"2022-05-03T19:09:10","modified_gmt":"2022-05-03T19:09:10","slug":"apartment-lavender","status":"publish","type":"page","link":"https:\/\/www.apartmani-dubra.hr\/hr\/smje%c5%a1taj\/apartment-lavender\/","title":{"rendered":"Apartman Lavanda"},"content":{"rendered":"<p>Romanti\u010dni studio apartman Lavanda se nalazi na drugom katu. Ima kuhinjsku ni\u0161u, okrugli stol za objedovanje sa 3 stolice, krevet, no\u0107ni ormari\u0107 te ormar. Kupaonica je opremljena modernom sanitarnom opremom( tu\u0161, lavabo, wc). Iz apartmana se izlazi na veliku terasu s pogledom na cijelo mjesto, luku te otok bi\u0161evo. Boravak na terasi u sun\u010dana jutra, suton ili pak pod sjajem zvijezda nikada ne\u0107ete zaboraviti.<\/p>\n<p>Apartman je opremljen klima ure\u0111ajem(grijanje- hla\u0111enje), TV-om, be\u017ei\u010dnim internetom.<\/p>\n<p>Ukupna povr\u0161ina apartmana je 22m2, te terasa 15m2<\/p>\n","protected":false},"excerpt":{"rendered":"<p>Romanti\u010dni studio apartman Lavanda se nalazi na drugom katu. Ima kuhinjsku ni\u0161u, okrugli stol za objedovanje sa 3&#8230; <\/p>\n","protected":false},"author":1,"featured_media":11677,"parent":74,"menu_order":0,"comment_status":"closed","ping_status":"closed","template":"","meta":{"footnotes":""},"class_list":["post-78","page","type-page","status-publish","has-post-thumbnail","hentry"],"_links":{"self":[{"href":"https:\/\/www.apartmani-dubra.hr\/hr\/wp-json\/wp\/v2\/pages\/78","targetHints":{"allow":["GET"]}}],"collection":[{"href":"https:\/\/www.apartmani-dubra.hr\/hr\/wp-json\/wp\/v2\/pages"}],"about":[{"href":"https:\/\/www.apartmani-dubra.hr\/hr\/wp-json\/wp\/v2\/types\/page"}],"author":[{"embeddable":true,"href":"https:\/\/www.apartmani-dubra.hr\/hr\/wp-json\/wp\/v2\/users\/1"}],"replies":[{"embeddable":true,"href":"https:\/\/www.apartmani-dubra.hr\/hr\/wp-json\/wp\/v2\/comments?post=78"}],"version-history":[{"count":0,"href":"https:\/\/www.apartmani-dubra.hr\/hr\/wp-json\/wp\/v2\/pages\/78\/revisions"}],"up":[{"embeddable":true,"href":"https:\/\/www.apartmani-dubra.hr\/hr\/wp-json\/wp\/v2\/pages\/74"}],"wp:featuredmedia":[{"embeddable":true,"href":"https:\/\/www.apartmani-dubra.hr\/hr\/wp-json\/wp\/v2\/media\/11677"}],"wp:attachment":[{"href":"https:\/\/www.apartmani-dubra.hr\/hr\/wp-json\/wp\/v2\/media?parent=78"}],"curies":[{"name":"wp","href":"https:\/\/api.w.org\/{rel}","templated":true}]}}