{"id":84,"date":"2011-12-29T18:11:18","date_gmt":"2011-12-29T18:11:18","guid":{"rendered":"http:\/\/www.apartmani-dubra.hr\/?page_id=84"},"modified":"2022-05-03T19:09:14","modified_gmt":"2022-05-03T19:09:14","slug":"apartment-tangerine","status":"publish","type":"page","link":"https:\/\/www.apartmani-dubra.hr\/hr\/smje%c5%a1taj\/apartment-tangerine\/","title":{"rendered":"Apartman Mandarina"},"content":{"rendered":"<p>Na prvom katu ku\u0107e je apartman Mandarina. Apartman se sastoji od dvije prostorije: jedna je dnevni boravak, a druga je spava\u0107a soba. Dnevni boravak ima izlaz na balkon. Apartman je komforan za 2-4 odrasle osobe ili par s dvoje djece.<\/p>\n<p>U dnevnom boravku je trosjed na razvla\u010denje, Sat\/TV, potpuno opremljena kuhinjska ni\u0161a, trpezarijski stol s \u010detiri stolice, garnitura za sjedenje i klima ure\u0111aj s mogu\u0107no\u0161\u0107u grijanja\/hla\u0111enja. Balkon ima pogled na komi\u0161ke krovove i luku i opremljen je garniturom za sjedenje za 4 osobe. Spavaonica sadr\u017ei francuski le\u017eaj, no\u0107ne ormari\u0107e i ormar. Kupaonica je opremljena modernom sanitarnom opremom (kada, lavabo i WC).<\/p>\n<p>Ukupna povr\u0161ina je 45m2 i balkonom povr\u0161ine 8m2.<\/p>\n<p>Apartman je opremljen klima ure\u0111ajem, TV-om, te be\u017ei\u010dnim internetom<\/p>\n","protected":false},"excerpt":{"rendered":"<p>Na prvom katu ku\u0107e je apartman Mandarina. Apartman se sastoji od dvije prostorije: jedna je dnevni boravak, a&#8230; <\/p>\n","protected":false},"author":1,"featured_media":15262,"parent":74,"menu_order":0,"comment_status":"closed","ping_status":"closed","template":"","meta":{"footnotes":""},"class_list":["post-84","page","type-page","status-publish","has-post-thumbnail","hentry"],"_links":{"self":[{"href":"https:\/\/www.apartmani-dubra.hr\/hr\/wp-json\/wp\/v2\/pages\/84","targetHints":{"allow":["GET"]}}],"collection":[{"href":"https:\/\/www.apartmani-dubra.hr\/hr\/wp-json\/wp\/v2\/pages"}],"about":[{"href":"https:\/\/www.apartmani-dubra.hr\/hr\/wp-json\/wp\/v2\/types\/page"}],"author":[{"embeddable":true,"href":"https:\/\/www.apartmani-dubra.hr\/hr\/wp-json\/wp\/v2\/users\/1"}],"replies":[{"embeddable":true,"href":"https:\/\/www.apartmani-dubra.hr\/hr\/wp-json\/wp\/v2\/comments?post=84"}],"version-history":[{"count":0,"href":"https:\/\/www.apartmani-dubra.hr\/hr\/wp-json\/wp\/v2\/pages\/84\/revisions"}],"up":[{"embeddable":true,"href":"https:\/\/www.apartmani-dubra.hr\/hr\/wp-json\/wp\/v2\/pages\/74"}],"wp:featuredmedia":[{"embeddable":true,"href":"https:\/\/www.apartmani-dubra.hr\/hr\/wp-json\/wp\/v2\/media\/15262"}],"wp:attachment":[{"href":"https:\/\/www.apartmani-dubra.hr\/hr\/wp-json\/wp\/v2\/media?parent=84"}],"curies":[{"name":"wp","href":"https:\/\/api.w.org\/{rel}","templated":true}]}}