{"id":161,"date":"2011-12-28T22:11:27","date_gmt":"2011-12-28T22:11:27","guid":{"rendered":"http:\/\/www.apartmani-dubra.hr\/?page_id=161"},"modified":"2023-01-19T09:09:06","modified_gmt":"2023-01-19T09:09:06","slug":"conttato","status":"publish","type":"page","link":"https:\/\/www.apartmani-dubra.hr\/it\/conttato\/","title":{"rendered":"Conttato"},"content":{"rendered":"\n<p>Contact Person: Perina Marinkovi\u0107. Adresa: Don Mihovila Pavlinovi\u0107a 11, 21485 Komi\u017ea. Tel: 021713821, Mob: 098 97 56 271 i 099 51 70 249. Mail: <a style=\"display: inline;\" href=\"mailto:info@komiza-dubra.com\">info@komiza-dubra.com<\/a><\/p>\n\n\n\n<h3 class=\"wp-block-heading\">Modulo contatto<\/h3>\n\n\n\n<div class=\"wp-block-contact-form-7-contact-form-selector\">\n<div class=\"wpcf7 no-js\" id=\"wpcf7-f732-o1\" lang=\"en-US\" dir=\"ltr\" data-wpcf7-id=\"732\">\n<div class=\"screen-reader-response\"><p role=\"status\" aria-live=\"polite\" aria-atomic=\"true\"><\/p> <ul><\/ul><\/div>\n<form action=\"\/it\/wp-json\/wp\/v2\/pages\/161#wpcf7-f732-o1\" method=\"post\" class=\"wpcf7-form init\" aria-label=\"Contact form\" novalidate=\"novalidate\" data-status=\"init\">\n<fieldset class=\"hidden-fields-container\"><input type=\"hidden\" name=\"_wpcf7\" value=\"732\" \/><input type=\"hidden\" name=\"_wpcf7_version\" value=\"6.1.5\" \/><input type=\"hidden\" name=\"_wpcf7_locale\" value=\"en_US\" \/><input type=\"hidden\" name=\"_wpcf7_unit_tag\" value=\"wpcf7-f732-o1\" \/><input type=\"hidden\" name=\"_wpcf7_container_post\" value=\"0\" \/><input type=\"hidden\" name=\"_wpcf7_posted_data_hash\" value=\"\" \/><input type=\"hidden\" name=\"_wpcf7_recaptcha_response\" value=\"\" \/>\n<\/fieldset>\n<div class=\"container\">\n\t<div class=\"row mb-2\">\n\t\t<div class=\"col\"><p style=\"margin-right:20px;\">Your Name (required)<\/p>\n<span class=\"wpcf7-form-control-wrap\" data-name=\"your-name\"><input size=\"40\" maxlength=\"400\" class=\"wpcf7-form-control wpcf7-text wpcf7-validates-as-required form-control\" aria-required=\"true\" aria-invalid=\"false\" value=\"\" type=\"text\" name=\"your-name\" \/><\/span><\/div>\n\t\t<div class=\"col\"><p>Your E-mail (required)<\/p>\n<span class=\"wpcf7-form-control-wrap\" data-name=\"your-email\"><input size=\"40\" maxlength=\"400\" class=\"wpcf7-form-control wpcf7-email wpcf7-validates-as-required wpcf7-text wpcf7-validates-as-email form-control\" aria-required=\"true\" aria-invalid=\"false\" value=\"\" type=\"email\" name=\"your-email\" \/><\/span>\n<\/div>\n\t<\/div>\n\t<div class=\"row mb-2\">\n\t\t<div class=\"col\"><p style=\"margin-right:20px;\">Your Phone<\/p>\n        <span class=\"wpcf7-form-control-wrap\" data-name=\"your-tel\"><input size=\"40\" maxlength=\"400\" class=\"wpcf7-form-control wpcf7-tel wpcf7-text wpcf7-validates-as-tel form-control\" aria-invalid=\"false\" value=\"\" type=\"tel\" name=\"your-tel\" \/><\/span>\n        <\/div>\n\t\t<div class=\"col\">\n            <div class=\"row mb-2\">\n                <div class=\"col-6\"><p>Arrival<\/p>\n                <span class=\"wpcf7-form-control-wrap\" data-name=\"start-date\"><input size=\"40\" maxlength=\"400\" class=\"wpcf7-form-control wpcf7-text form-control\" id=\"start-date\" aria-invalid=\"false\" value=\"\" type=\"text\" name=\"start-date\" \/><\/span>\n                <\/div>\n                <div class=\"col-6\"><p>Departure<\/p>\n                <span class=\"wpcf7-form-control-wrap\" data-name=\"end-date\"><input size=\"40\" maxlength=\"400\" class=\"wpcf7-form-control wpcf7-text form-control\" id=\"end-date\" aria-invalid=\"false\" value=\"\" type=\"text\" name=\"end-date\" \/><\/span>\n                <\/div>\n            <\/div>\n        <\/div>\n\t<\/div>\n\t<div class=\"row mb-2\">\n\t\t<div class=\"col\"><p>Accommodation<\/p>\n        <span class=\"wpcf7-form-control-wrap\" data-name=\"menu-564\"><select class=\"wpcf7-form-control wpcf7-select form-control\" aria-invalid=\"false\" name=\"menu-564\"><option value=\"First available Apartment\">First available Apartment<\/option><option value=\"Apartment Rosemary\">Apartment Rosemary<\/option><option value=\"Apartment  Tangerine\">Apartment  Tangerine<\/option><option value=\"Apartment  Olive\">Apartment  Olive<\/option><option value=\"Apartment Bougainvillea\">Apartment Bougainvillea<\/option><option value=\"Apartment Lavender\">Apartment Lavender<\/option><\/select><\/span>\n        <\/div>\n\t\t<div class=\"col\">\n            <div class=\"row mb-2\">\n                    <div class=\"col-6\"><p>Adults<\/p>\n                    <span class=\"wpcf7-form-control-wrap\" data-name=\"your-odr\"><input size=\"40\" maxlength=\"400\" class=\"wpcf7-form-control wpcf7-text form-control\" aria-invalid=\"false\" value=\"\" type=\"text\" name=\"your-odr\" \/><\/span>\n                    <\/div>\n                    <div class=\"col-6\"><p>Children<\/p>\n                    <span class=\"wpcf7-form-control-wrap\" data-name=\"your-dje\"><input size=\"40\" maxlength=\"400\" class=\"wpcf7-form-control wpcf7-text form-control\" aria-invalid=\"false\" value=\"\" type=\"text\" name=\"your-dje\" \/><\/span>\n                    <\/div>\n                <\/div>\n        <\/div>\n\t<\/div>\n\t<div class=\"row mb-2\">\n\t\t<div class=\"col\"><p>Your Message<\/p>\n        <span class=\"wpcf7-form-control-wrap\" data-name=\"your-message\"><textarea cols=\"40\" rows=\"10\" maxlength=\"2000\" class=\"wpcf7-form-control wpcf7-textarea form-control\" aria-invalid=\"false\" name=\"your-message\"><\/textarea><\/span>\n        <\/div>\n\t<\/div>\n    <div class=\"row mb-2\">\n\t\t<div class=\"col\">\n        <input class=\"wpcf7-form-control wpcf7-submit has-spinner\" type=\"submit\" value=\"Send\" \/>\n        <\/div>\n\t<\/div>\n    \n<\/div><div class=\"wpcf7-response-output\" aria-hidden=\"true\"><\/div>\n<\/form>\n<\/div>\n<\/div>\n","protected":false},"excerpt":{"rendered":"<p>Contact Person: Perina Marinkovi\u0107. Adresa: Don Mihovila Pavlinovi\u0107a 11, 21485 Komi\u017ea. Tel: 021713821, Mob: 098 97 56 271&#8230; <\/p>\n","protected":false},"author":1,"featured_media":0,"parent":0,"menu_order":0,"comment_status":"closed","ping_status":"closed","template":"","meta":{"footnotes":""},"class_list":["post-161","page","type-page","status-publish","hentry"],"_links":{"self":[{"href":"https:\/\/www.apartmani-dubra.hr\/it\/wp-json\/wp\/v2\/pages\/161","targetHints":{"allow":["GET"]}}],"collection":[{"href":"https:\/\/www.apartmani-dubra.hr\/it\/wp-json\/wp\/v2\/pages"}],"about":[{"href":"https:\/\/www.apartmani-dubra.hr\/it\/wp-json\/wp\/v2\/types\/page"}],"author":[{"embeddable":true,"href":"https:\/\/www.apartmani-dubra.hr\/it\/wp-json\/wp\/v2\/users\/1"}],"replies":[{"embeddable":true,"href":"https:\/\/www.apartmani-dubra.hr\/it\/wp-json\/wp\/v2\/comments?post=161"}],"version-history":[{"count":0,"href":"https:\/\/www.apartmani-dubra.hr\/it\/wp-json\/wp\/v2\/pages\/161\/revisions"}],"wp:attachment":[{"href":"https:\/\/www.apartmani-dubra.hr\/it\/wp-json\/wp\/v2\/media?parent=161"}],"curies":[{"name":"wp","href":"https:\/\/api.w.org\/{rel}","templated":true}]}}